{"id":2904,"date":"2018-10-03T18:47:43","date_gmt":"2018-10-04T01:47:43","guid":{"rendered":"https:\/\/playasancarlos.com\/contactenos\/"},"modified":"2024-03-07T12:09:58","modified_gmt":"2024-03-07T19:09:58","slug":"contacto","status":"publish","type":"page","link":"https:\/\/playasancarlos.com\/es\/contacto\/","title":{"rendered":"Contacto"},"content":{"rendered":"<div class=\"wpb-content-wrapper\"><p>[vc_row full_width=\u00bbstretch_row\u00bb full_height=\u00bbyes\u00bb zero_margin_on_mobile=\u00bbon\u00bb hue=\u00bb#ff0000&#8243; hide_this_row=\u00bbdesktop\u00bb bg_slider_images=\u00bb2256&#8243; css=\u00bb.vc_custom_1707770568429{margin-top: 0px !important;margin-bottom: 0px !important;padding-top: 100px !important;padding-bottom: 50px !important;}\u00bb][vc_column css=\u00bb.vc_custom_1542133024582{margin-bottom: 0px !important;padding-bottom: 0px !important;}\u00bb offset=\u00bbvc_hidden-lg vc_hidden-md\u00bb][vc_custom_heading text=\u00bbP\u00f3ngase en contacto con nosotros\u00bb font_container=\u00bbtag:h2|text_align:center|color:%23ffffff\u00bb use_theme_fonts=\u00bbyes\u00bb][vc_empty_space height=\u00bb50px\u00bb]<div id=\"tile-with-icon_icon1\" class=\"title-with-icon-wrapper clear small \" data-color=\"\"  style=\"\">\r\n\t\t\t<div class=\"wpb_content_element title-with-icon clearfix margin-bottom-0 \"><span  style=\"color:#000000 !important;background-color: !important;\" class=\"oic-location-1 clear small \" ><\/span><h5 style=\"color:#000000\">Sunway Hotel<\/h5>\r\n\t\t\t<\/div><div class=\"wpb_content_element left-cs title-with-icon-content small clearfix\" style=\"color:#000000\"><span style=\"color: #999999;\">101 Parker Road<\/span><br \/>\n<span style=\"color: #999999;\">Oia 84702<\/span><br \/>\n<span style=\"color: #999999;\">Santorini, Greece<\/span><\/div><\/div><div id=\"tile-with-icon_icon2\" class=\"title-with-icon-wrapper clear small \" data-color=\"\"  style=\"\">\r\n\t\t\t<div class=\"wpb_content_element title-with-icon clearfix margin-bottom-0 \"><span  style=\"color:#000000 !important;background-color: !important;\" class=\"oic-email-mail-streamline clear small \" ><\/span><h5 style=\"color:#000000\">Email<\/h5>\r\n\t\t\t<\/div><div class=\"wpb_content_element left-cs title-with-icon-content small clearfix\" style=\"color:#000000\"><span style=\"color: #999999;\">info@yourdomain.com<\/span><\/div><\/div><div id=\"tile-with-icon_icon3\" class=\"title-with-icon-wrapper clear small \" data-color=\"\"  style=\"\">\r\n\t\t\t<div class=\"wpb_content_element title-with-icon clearfix margin-bottom-0 \"><span  style=\"color:#000000 !important;background-color: !important;\" class=\"oic-telephone clear small \" ><\/span><h5 style=\"color:#000000\">Customer Support<\/h5>\r\n\t\t\t<\/div><div class=\"wpb_content_element left-cs title-with-icon-content small clearfix\" style=\"color:#000000\"><span style=\"color: #999999;\">+30 22860 85478<\/span><br \/>\n<span style=\"color: #999999;\">+30 22860 89567<\/span><br \/>\n<span style=\"color: #999999;\">+30 22860 14979 (fax)<\/span><\/div><\/div>[vc_separator]<p class=\"wpcf7-contact-form-not-found\"><strong>Error:<\/strong> Formulario de contacto no encontrado.<\/p>[\/vc_column][\/vc_row][vc_row full_width=\u00bbstretch_row\u00bb full_height=\u00bbyes\u00bb bg_slider=\u00bbkenburns\u00bb hue=\u00bb#ff0000&#8243; hide_this_row=\u00bbmobile\u00bb bg_slider_images=\u00bb2362,2350,2256&#8243; css=\u00bb.vc_custom_1709080397891{margin-top: 0px !important;margin-bottom: 0px !important;padding-top: 100px !important;padding-bottom: 50px !important;}\u00bb][vc_column css=\u00bb.vc_custom_1541421443531{margin-bottom: 0px !important;padding-bottom: 0px !important;}\u00bb offset=\u00bbvc_hidden-sm vc_hidden-xs\u00bb][vc_custom_heading text=\u00bbP\u00f3ngase en contacto con nosotros\u00bb font_container=\u00bbtag:h2|text_align:center|color:%23ffffff\u00bb use_theme_fonts=\u00bbyes\u00bb][vc_empty_space height=\u00bb50px\u00bb][vc_row_inner css=\u00bb.vc_custom_1538596728912{margin-bottom: 0px !important;padding-bottom: 0px !important;background-color: #ffffff !important;}\u00bb][vc_column_inner width=\u00bb1\/3&#8243; css=\u00bb.vc_custom_1541421615729{padding-top: 15% !important;padding-left: 15% !important;}\u00bb offset=\u00bbvc_hidden-sm vc_hidden-xs\u00bb]<div id=\"tile-with-icon_icon4\" class=\"title-with-icon-wrapper clear small \" data-color=\"\"  style=\"\">\r\n\t\t\t<div class=\"wpb_content_element title-with-icon clearfix margin-bottom-0 \"><span  style=\"color:#000000 !important;background-color: !important;\" class=\"oic-email-mail-streamline clear small \" ><\/span><h5 style=\"color:#000000\">Email<\/h5>\r\n\t\t\t<\/div><div class=\"wpb_content_element left-cs title-with-icon-content small clearfix\" style=\"color:#000000\"><span style=\"color: #999999;\">carlos.moreno@playasancarlos.com<\/span><\/div><\/div>[vc_separator]<div id=\"tile-with-icon_icon5\" class=\"title-with-icon-wrapper clear small \" data-color=\"\"  style=\"\">\r\n\t\t\t<div class=\"wpb_content_element title-with-icon clearfix margin-bottom-0 \"><span  style=\"color:#000000 !important;background-color: !important;\" class=\"oic-telephone clear small \" ><\/span><h5 style=\"color:#000000\">Atenci\u00f3n al cliente<\/h5>\r\n\t\t\t<\/div><div class=\"wpb_content_element left-cs title-with-icon-content small clearfix\" style=\"color:#000000\"><span style=\"color: #999999;\"><a href=\"tel:+5216441228375\">+52 1 (644) 122-8375<\/a><\/span><\/div><\/div>[\/vc_column_inner][vc_column_inner width=\u00bb2\/3&#8243; css=\u00bb.vc_custom_1541421628918{padding-top: 8% !important;padding-right: 10% !important;padding-bottom: 5% !important;padding-left: 10% !important;}\u00bb offset=\u00bbvc_hidden-sm vc_hidden-xs\u00bb]\n<div class=\"wpcf7 no-js\" id=\"wpcf7-f2914-o1\" lang=\"es-ES\" dir=\"ltr\" data-wpcf7-id=\"2914\">\n<div class=\"screen-reader-response\"><p role=\"status\" aria-live=\"polite\" aria-atomic=\"true\"><\/p> <ul><\/ul><\/div>\n<form action=\"\/es\/wp-json\/wp\/v2\/pages\/2904#wpcf7-f2914-o1\" method=\"post\" class=\"wpcf7-form init\" aria-label=\"Formulario de contacto\" novalidate=\"novalidate\" data-status=\"init\">\n<fieldset class=\"hidden-fields-container\"><input type=\"hidden\" name=\"_wpcf7\" value=\"2914\" \/><input type=\"hidden\" name=\"_wpcf7_version\" value=\"6.1.4\" \/><input type=\"hidden\" name=\"_wpcf7_locale\" value=\"es_ES\" \/><input type=\"hidden\" name=\"_wpcf7_unit_tag\" value=\"wpcf7-f2914-o1\" \/><input type=\"hidden\" name=\"_wpcf7_container_post\" value=\"0\" \/><input type=\"hidden\" name=\"_wpcf7_posted_data_hash\" value=\"\" \/><input type=\"hidden\" name=\"_wpcf7_recaptcha_response\" value=\"\" \/>\n<\/fieldset>\n<p class=\"ozy-half-input\"><span class=\"wpcf7-form-control-wrap\" data-name=\"your-name\"><input size=\"40\" maxlength=\"400\" class=\"wpcf7-form-control wpcf7-text wpcf7-validates-as-required\" aria-required=\"true\" aria-invalid=\"false\" placeholder=\"Nombre (campo obligatorio)\" value=\"\" type=\"text\" name=\"your-name\" \/><\/span>\n<\/p>\n<p class=\"ozy-half-input-last\"><span class=\"wpcf7-form-control-wrap\" data-name=\"last-name\"><input size=\"40\" maxlength=\"400\" class=\"wpcf7-form-control wpcf7-text wpcf7-validates-as-required\" aria-required=\"true\" aria-invalid=\"false\" placeholder=\"Apellidos (campo obligatorio)\" value=\"\" type=\"text\" name=\"last-name\" \/><\/span>\n<\/p>\n<p class=\"ozy-half-input\"><span class=\"wpcf7-form-control-wrap\" data-name=\"your-phone\"><input size=\"40\" maxlength=\"400\" class=\"wpcf7-form-control wpcf7-text wpcf7-validates-as-required\" aria-required=\"true\" aria-invalid=\"false\" placeholder=\"Tel\u00e9fono (campo obligatorio)\" value=\"\" type=\"text\" name=\"your-phone\" \/><\/span>\n<\/p>\n<p class=\"ozy-half-input-last\"><span class=\"wpcf7-form-control-wrap\" data-name=\"your-email\"><input size=\"40\" maxlength=\"400\" class=\"wpcf7-form-control wpcf7-email wpcf7-validates-as-required wpcf7-text wpcf7-validates-as-email\" aria-required=\"true\" aria-invalid=\"false\" placeholder=\"Email (campo obligatorio)\" value=\"\" type=\"email\" name=\"your-email\" \/><\/span>\n<\/p>\n<p class=\"ozy-full-input\"><span class=\"wpcf7-form-control-wrap\" data-name=\"your-message\"><textarea cols=\"40\" rows=\"3\" maxlength=\"2000\" class=\"wpcf7-form-control wpcf7-textarea\" aria-invalid=\"false\" placeholder=\"Mensaje\" name=\"your-message\"><\/textarea><\/span>\n<\/p>\n<p>\n\n<\/p>\n<p><input class=\"wpcf7-form-control wpcf7-submit has-spinner\" type=\"submit\" value=\"Enviar Mensaje\" \/>\n<\/p><div class=\"wpcf7-response-output\" aria-hidden=\"true\"><\/div>\n<\/form>\n<\/div>\n[\/vc_column_inner][\/vc_row_inner][\/vc_column][\/vc_row][vc_row full_width=\u00bbstretch_row_content_no_spaces\u00bb disable_element=\u00bbyes\u00bb zero_padding_on_mobile=\u00bbon\u00bb zero_margin_on_mobile=\u00bbon\u00bb css=\u00bb.vc_custom_1707770443620{margin-top: 0px !important;margin-bottom: 0px !important;padding-top: 0px !important;padding-bottom: 0px !important;}\u00bb][vc_column css=\u00bb.vc_custom_1538596828009{margin-top: 0px !important;margin-bottom: 0px !important;padding-top: 0px !important;padding-bottom: 0px !important;}\u00bb]<div class=\"ozy-google-map \" \r\n\t\t\tdata-address=\"santorini, greece\" \r\n\t\t\tdata-zoom=\"12\" \r\n\t\t\tdata-hue=\"#2165b5\" \r\n\t\t\tdata-saturation=\"0\" \r\n\t\t\tdata-lightness=\"0\" \r\n\t\t\tdata-height=\"600px\" \r\n\t\t\tdata-icon=\"\" style=\"height:600px\"><\/div><div class=\"gmap-infobox-wrapper\"><div id=\"gmap-infobox\" class=\"content-font\">Hotel Sunway<br \/>\n101 Parker Road<br \/>\nOia 84702<br \/>\nSantorini, Grecia<\/div><\/div>[\/vc_column][\/vc_row][vc_row full_width=\u00bbstretch_row\u00bb disable_element=\u00bbyes\u00bb fading_background_color=\u00bbon\u00bb fade_color_1=\u00bb#ffffff\u00bb fade_color_2=\u00bb#222222&#8243; css=\u00bb.vc_custom_1707770450047{margin-top: 0px !important;margin-bottom: 0px !important;padding-top: 100px !important;padding-bottom: 100px !important;}\u00bb][vc_column][vc_custom_heading text=\u00bbLocalizaci\u00f3n y mapa\u00bb font_container=\u00bbtag:h2|text_align:center\u00bb use_theme_fonts=\u00bbyes\u00bb]\n<div id=\"ofd-6\" class=\"ozy-floral-divider ornament_4 align-center \">\n<svg viewBox=\"0 0 113.39 12.37\"><use xlink:href=\"https:\/\/playasancarlos.com\/wp-content\/plugins\/ozy-sunway-essentials\/images\/ornament_divider4.svg#ornament_divider4\"><\/use><\/svg><\/div><br \/>\n[vc_empty_space height=\u00bb50px\u00bb]<br \/>\n[vc_row_inner][vc_column_inner width=\u00bb1\/2&#8243;][vc_custom_heading text=\u00bb- Explore la isla de Santorini&#8230;\u00bb font_container=\u00bbtag:h5|text_align:left\u00bb use_theme_fonts=\u00bbyes\u00bb css_animation=\u00bbnone\u00bb css=\u00bb.vc_custom_1542143362911{margin-bottom: 15px !important;}\u00bb][vc_custom_heading text=\u00bbChicharrones celiacos leggings prensados en fr\u00edo vicio, selfies ennui zumo verde sin gluten comercio directo ocupan bolsa de mensajero freegan. Disrupt migas snackwave, 8-bit narwhal unicorn chicharrones post-ironic microdosing shaman four loko slow-carb.<\/p>\n<p>Mixtape de panceta de cerdo vexil\u00f3logo asim\u00e9trico, antes de que se agotaran los pantalones cortos vaqueros tatuados. Aut\u00e9ntico listicle tilde meditaci\u00f3n cham\u00e1n bigote migas snackwave antes de que se agotaran tbh. YOLO pabst man bun retro pinterest, hella pitchfork microdosing flannel green juice sustainable post-ironic. Venmo chillwave lumbersexual PBR&amp;B shoreditch flexitarian. Planta de aire asim\u00e9trica umami microdosificaci\u00f3n pan de nube, slow-carb echo park four loko health goth pinterest.<\/p>\n<p>Mixtape derechos bicicleta rampas letterpress church-key, pitchfork austin mlkshk kogi. Chambray gentrify cronut normcore prism, activated charcoal kickstarter heirloom typewriter VHS locavore. M\u00e1quina de escribir leggings en vinagre caf\u00e9 de origen \u00fanico horquilla monopat\u00edn. Hamaca moda hacha kinfolk poutine.\u00bb font_container=\u00bbtag:p|text_align:left\u00bb use_theme_fonts=\u00bbyes\u00bb css_animation=\u00bbnone\u00bb][\/vc_column_inner][vc_column_inner width=\u00bb1\/2&#8243;][vc_custom_heading text=\u00bb- Oia El Lugar Para Enamorarse&#8230;\u00bb font_container=\u00bbtag:h5|text_align:left\u00bb use_theme_fonts=\u00bbyes\u00bb css_animation=\u00bbnone\u00bb css=\u00bb.vc_custom_1538764311506{margin-bottom: 15px !important;}\u00bb][vc_custom_heading text=\u00bblorem ipsum dolor amet glossier gastropub cred, hella hammock cornhole la croix twee fingerstache freegan dreamcatcher master cleanse chartreuse crucifix. Trust fund pop-up green juice before they sold out mustache fashion axe kinfolk cliche gochujang artisan air plant butcher sustainable shabby chic meh.<\/p>\n<p>YOLO taxidermia sartorial hella carb\u00f3n activado unicornio salud g\u00f3tica. Tote bag tousled pok pok, bicycle rights prism heirloom dreamcatcher single-origin coffee skateboard franzen microdosing. 8-bit skateboard sartorial scenester wayfarers heirloom tousled celiac hell of blog swag seitan bitters. Portland lomo lento artesano profundo v vexil\u00f3logo VHS. Lyft narval ri\u00f1onera microdosificaci\u00f3n semi\u00f3tica.<\/p>\n<p>Portland listicle XOXO, swag next level locavore pork belly. Mumblecore microdosing lo-fi shoreditch planta de aire, asim\u00e9trica biodiesel vape franela. Raclette mixtape sostenible dreamcatcher retro. Kogi distillery slow-carb, iPhone flexitarian organic craft beer letterpress viral vinyl. Hoodie post-ironic man braid, intelligentsia neutra chillwave art party kombucha pop-up 90&#8217;s.\u00bb font_container=\u00bbtag:p|text_align:left\u00bb use_theme_fonts=\u00bbyes\u00bb css_animation=\u00bbnone\u00bb][\/vc_column_inner][\/vc_row_inner][\/vc_column][\/vc_row]<\/p>\n<\/div>","protected":false},"excerpt":{"rendered":"<p>[vc_row full_width=\u00bbstretch_row\u00bb full_height=\u00bbyes\u00bb zero_margin_on_mobile=\u00bbon\u00bb hue=\u00bb#ff0000&#8243; hide_this_row=\u00bbdesktop\u00bb bg_slider_images=\u00bb2256&#8243; css=\u00bb.vc_custom_1707770568429{margin-top: 0px !important;margin-bottom: 0px !important;padding-top: 100px !important;padding-bottom: 50px !important;}\u00bb][vc_column css=\u00bb.vc_custom_1542133024582{margin-bottom: 0px !important;padding-bottom: 0px !important;}\u00bb offset=\u00bbvc_hidden-lg vc_hidden-md\u00bb][vc_custom_heading text=\u00bbP\u00f3ngase en contacto con nosotros\u00bb font_container=\u00bbtag:h2|text_align:center|color:%23ffffff\u00bb use_theme_fonts=\u00bbyes\u00bb][vc_empty_space [&hellip;]<\/p>\n","protected":false},"author":1,"featured_media":0,"parent":0,"menu_order":0,"comment_status":"closed","ping_status":"closed","template":"page-transparent-menu.php","meta":{"footnotes":""},"class_list":["post-2904","page","type-page","status-publish","hentry",null],"_links":{"self":[{"href":"https:\/\/playasancarlos.com\/es\/wp-json\/wp\/v2\/pages\/2904","targetHints":{"allow":["GET"]}}],"collection":[{"href":"https:\/\/playasancarlos.com\/es\/wp-json\/wp\/v2\/pages"}],"about":[{"href":"https:\/\/playasancarlos.com\/es\/wp-json\/wp\/v2\/types\/page"}],"author":[{"embeddable":true,"href":"https:\/\/playasancarlos.com\/es\/wp-json\/wp\/v2\/users\/1"}],"replies":[{"embeddable":true,"href":"https:\/\/playasancarlos.com\/es\/wp-json\/wp\/v2\/comments?post=2904"}],"version-history":[{"count":6,"href":"https:\/\/playasancarlos.com\/es\/wp-json\/wp\/v2\/pages\/2904\/revisions"}],"predecessor-version":[{"id":2913,"href":"https:\/\/playasancarlos.com\/es\/wp-json\/wp\/v2\/pages\/2904\/revisions\/2913"}],"wp:attachment":[{"href":"https:\/\/playasancarlos.com\/es\/wp-json\/wp\/v2\/media?parent=2904"}],"curies":[{"name":"wp","href":"https:\/\/api.w.org\/{rel}","templated":true}]}}