{"id":2890,"date":"2018-10-10T18:37:20","date_gmt":"2018-10-11T01:37:20","guid":{"rendered":"https:\/\/playasancarlos.com\/que-hacer-en-san-carlos\/"},"modified":"2024-03-07T11:57:26","modified_gmt":"2024-03-07T18:57:26","slug":"que-hacer-en-san-carlos","status":"publish","type":"page","link":"https:\/\/playasancarlos.com\/es\/que-hacer-en-san-carlos\/","title":{"rendered":"Qu\u00e9 hacer en San Carlos"},"content":{"rendered":"<div class=\"wpb-content-wrapper\"><p>[vc_row full_width=\u00bbstretch_row\u00bb content_placement=\u00bbmiddle\u00bb parallax=\u00bbcontent-moving\u00bb parallax_image=\u00bb2365&#8243; css=\u00bb.vc_custom_1707438305693{margin-top: 0px !important;margin-bottom: 0px !important;padding-top: 150px !important;padding-bottom: 150px !important;}\u00bb][vc_column][vc_custom_heading text=\u00bbCosas que hacer en los alrededores\u00bb font_container=\u00bbtag:h1|text_align:center|color:%23ffffff\u00bb google_fonts=\u00bbfont_family:Playfair%20Display%3Aregular%2Citalic%2C700%2C700italic%2C900%2C900italic|font_style:400%20regular%3A400%3Anormal\u00bb][vc_custom_heading text=\u00bbSan Carlos, Sonora\u00bb font_container=\u00bbtag:h4|text_align:center|color:%23c19b76&#8243; google_fonts=\u00bbfont_family:Playfair%20Display%3Aregular%2Citalic%2C700%2C700italic%2C900%2C900italic|font_style:400%20italic%3A400%3Aitalic\u00bb][\/vc_column][\/vc_row][vc_row css=\u00bb.vc_custom_1543003836186{margin-top: 0px !important;margin-bottom: 0px !important;padding-top: 10px !important;padding-bottom: 40px !important;}\u00bb][vc_column][vc_custom_heading text=\u00bb\u00a1Cosas divertidas que hacer en San Carlos!\u00bb font_container=\u00bbtag:h2|text_align:center\u00bb use_theme_fonts=\u00bbyes\u00bb css=\u00bb.vc_custom_1707438342647{padding-bottom: 50px !important;}\u00bb][vc_row_inner css=\u00bb.vc_custom_1707438592328{margin-bottom: 0px !important;padding-bottom: 0px !important;}\u00bb el_class=\u00bbthings_to_do_wrap\u00bb][vc_column_inner width=\u00bb1\/2&#8243;][vc_single_image image=\u00bb2479&#8243; img_size=\u00bbfull\u00bb alignment=\u00bbcenter\u00bb parallax_ratio=\u00bb1.0&#8243;]<div id=\"oabx-1\" style=\"--data-bgcolor:rgba(0,0,0,0.7)\" class=\"ozy-arrow_box arrow-TOP\"><\/p>\n<h4 style=\"text-align: center;\">Aventura de senderismo en la monta\u00f1a Tetakawi: explora San Carlos desde nuevas alturas<\/h4>\n<p>Emb\u00e1rcate en una inolvidable aventura de senderismo por la monta\u00f1a Tetakawi en San Carlos, Sonora. Esta emocionante caminata ofrece impresionantes vistas de 360 grados del paisaje costero, lo que la convierte en una actividad obligada tanto para los entusiastas del aire libre como para los amantes de la naturaleza. Ya sea que sea un excursionista experimentado que busca un desaf\u00edo o un explorador casual que busca vistas panor\u00e1micas, Tetakawi promete un viaje estimulante lleno de impresionantes panoramas y maravillas naturales.<span  id=\"wofcb-2\" class=\"ozy-custom_button_w\"><a id=\"ofcb-2\" style=\"--data-bordercolor:#000000\" class=\"ozy-custom_button ocbtn-1\"  href=\"#\"  target=\"_self\" >LEARN MORE<\/a><\/span><\/div>[vc_empty_space height=\u00bb30px\u00bb][vc_single_image image=\u00bb2697&#8243; img_size=\u00bbfull\u00bb alignment=\u00bbcenter\u00bb parallax_ratio=\u00bb1.0&#8243;]<div id=\"oabx-3\" style=\"--data-bgcolor:rgba(0,0,0,0.7)\" class=\"ozy-arrow_box arrow-TOP\"><\/p>\n<h4 style=\"text-align: center;\">Explora la Naturaleza sobre Ruedas: Ruta en Ciclismo de Monta\u00f1a en el Estero El Soldado<\/h4>\n<p>Sum\u00e9rgete en la belleza natural de San Carlos con una emocionante ruta en bicicleta de monta\u00f1a por el pintoresco Estero El Soldado. Con senderos sinuosos que atraviesan exuberantes manglares y paisajes des\u00e9rticos, esta ruta ofrece a los ciclistas una oportunidad \u00fanica de explorar la diversidad del ecosistema local.<\/p>\n<p>Disfrute del aire fresco mientras cabalga junto a aves ex\u00f3ticas y marav\u00edllese con las impresionantes vistas del estuario y las monta\u00f1as circundantes. Ya seas un ciclista experimentado o principiante, la ruta de ciclismo de monta\u00f1a en el Estero El Soldado promete una aventura que combina la emoci\u00f3n de andar en bicicleta con la tranquilidad de la naturaleza.<span  id=\"wofcb-4\" class=\"ozy-custom_button_w\"><a id=\"ofcb-4\" style=\"--data-bordercolor:#000000\" class=\"ozy-custom_button ocbtn-1\"  href=\"#\"  target=\"_self\" >LEARN MORE<\/a><\/span><\/div>[vc_empty_space height=\u00bb30px\u00bb][vc_single_image image=\u00bb2596&#8243; img_size=\u00bbfull\u00bb alignment=\u00bbcenter\u00bb parallax_ratio=\u00bb1.0&#8243;]<div id=\"oabx-5\" style=\"--data-bgcolor:rgba(0,0,0,0.7)\" class=\"ozy-arrow_box arrow-TOP\"><\/p>\n<h4 style=\"text-align: center;\">Descubriendo la Majestad Natural: Ca\u00f1\u00f3n del Nacapule en San Carlos\u200e<\/h4>\n<p>Emb\u00e1rcate en una emocionante aventura hacia el Ca\u00f1\u00f3n del Nacapule, una maravilla natural ubicada a las afueras de San Carlos. Explora la belleza escarpada de este ca\u00f1\u00f3n mientras caminas por sus sinuosos senderos, maravill\u00e1ndote con los imponentes acantilados y la vibrante vegetaci\u00f3n que te rodea. No pierdas la oportunidad de darte un refrescante chapuz\u00f3n en las aguas cristalinas de las piscinas naturales del ca\u00f1\u00f3n, o aventurarte m\u00e1s para descubrir cascadas escondidas que caen por laderas rocosas. Ya sea que sea un \u00e1vido excursionista o simplemente busque un retiro pintoresco, una visita al Ca\u00f1\u00f3n del Nacapule promete una experiencia inolvidable en el coraz\u00f3n del impresionante paisaje de San Carlos.<span  id=\"wofcb-6\" class=\"ozy-custom_button_w\"><a id=\"ofcb-6\" style=\"--data-bordercolor:#000000\" class=\"ozy-custom_button ocbtn-1\"  href=\"#\"  target=\"_self\" >LEARN MORE<\/a><\/span><\/div>[\/vc_column_inner][vc_column_inner width=\u00bb1\/2&#8243;][vc_single_image image=\u00bb2476&#8243; img_size=\u00bbfull\u00bb alignment=\u00bbcenter\u00bb parallax_ratio=\u00bb1.0&#8243;]<div id=\"oabx-7\" style=\"--data-bgcolor:rgba(0,0,0,0.7)\" class=\"ozy-arrow_box arrow-TOP\"><\/p>\n<h4 style=\"text-align: center;\">Explora el mundo marino en el Acuario de San Carlos M\u00e9xico<\/h4>\n<p>Ad\u00e9ntrate en el fascinante mundo marino del Mar de Cort\u00e9s en el Acuario de San Carlos. Acertadamente apodado el \u00abacuario del mundo\u00bb por el famoso explorador Jacques Cousteau, el Mar de Cort\u00e9s cuenta con una biodiversidad incomparable, exhibida magn\u00edficamente en The Aquarium, tambi\u00e9n conocido como Martini Cove. Accesible en bote, kayak o caminata, Martini Cove ofrece una oportunidad \u00fanica de encontrar vida marina diversa m\u00e1s all\u00e1 de la costa. Bucee o practique snorkel entre vibrantes arrecifes de coral y fascinantes criaturas marinas para vivir una aventura submarina inolvidable.<span  id=\"wofcb-8\" class=\"ozy-custom_button_w\"><a id=\"ofcb-8\" style=\"--data-bordercolor:#000000\" class=\"ozy-custom_button ocbtn-1\"  href=\"#\"  target=\"_self\" >LEARN MORE<\/a><\/span><\/div>[vc_empty_space height=\u00bb30px\u00bb][vc_single_image image=\u00bb2473&#8243; img_size=\u00bbfull\u00bb alignment=\u00bbcenter\u00bb parallax_ratio=\u00bb1.0&#8243;]<div id=\"oabx-9\" style=\"--data-bgcolor:rgba(0,0,0,0.7)\" class=\"ozy-arrow_box arrow-TOP\"><\/p>\n<h4 style=\"text-align: center;\">Vista panor\u00e1mica del Mirador San Carlos<\/h4>\n<p>Disfrute de las impresionantes vistas del Mirador San Carlos, donde podr\u00e1 maravillarse con las ballenas, las rayas y diversas especies de aves con Tetakawi como tel\u00f3n de fondo. Las convenientes comodidades garantizan una visita c\u00f3moda, y un paseo hasta la playa ofrece un encuentro costero m\u00e1s cercano. Clasificado como el mirador panor\u00e1mico m\u00e1s importante del mundo por National Geographic, Mirador San Carlos ofrece oportunidades incomparables para observar la vida silvestre y vistas impresionantes del Golfo de California.<span  id=\"wofcb-10\" class=\"ozy-custom_button_w\"><a id=\"ofcb-10\" style=\"--data-bordercolor:#000000\" class=\"ozy-custom_button ocbtn-1\"  href=\"#\"  target=\"_self\" >LEARN MORE<\/a><\/span><\/div>[vc_empty_space height=\u00bb30px\u00bb][vc_single_image image=\u00bb2604&#8243; img_size=\u00bbfull\u00bb alignment=\u00bbcenter\u00bb parallax_ratio=\u00bb1.0&#8243;]<div id=\"oabx-11\" style=\"--data-bgcolor:rgba(0,0,0,0.7)\" class=\"ozy-arrow_box arrow-TOP\"><\/p>\n<h4 style=\"text-align: center;\">Sum\u00e9rgete en el deleite: Show de delfines y leones marinos en El Delfinario<\/h4>\n<p>Experimenta la magia de la vida marina en El Delfinario con nuestro cautivador espect\u00e1culo de delfines y leones marinos. Sea testigo de la inteligencia y la gracia de estas magn\u00edficas criaturas mientras realizan una variedad de comportamientos impresionantes, desde giros acrob\u00e1ticos hasta interacciones divertidas con sus entrenadores.<\/p>\n<p>Del\u00e9itese con la oportunidad \u00fanica de aprender sobre la conservaci\u00f3n marina mientras se entretiene con nuestros encantadores delfines y leones marinos. Con atractivas actuaciones con el impresionante Mar de Cort\u00e9s como tel\u00f3n de fondo, una visita a El Delfinario promete una experiencia inolvidable para toda la familia.<span  id=\"wofcb-12\" class=\"ozy-custom_button_w\"><a id=\"ofcb-12\" style=\"--data-bordercolor:#000000\" class=\"ozy-custom_button ocbtn-1\"  href=\"#\"  target=\"_self\" >LEARN MORE<\/a><\/span><\/div>[\/vc_column_inner][\/vc_row_inner][\/vc_column][\/vc_row][vc_row full_width=\u00bbstretch_row_content_no_spaces\u00bb css=\u00bb.vc_custom_1541356416579{margin-bottom: 0px !important;padding-bottom: 0px !important;}\u00bb][vc_column]<div class=\"ozy-page_navigator heading-font-family\"><a href=\"https:\/\/sunway.freevision.me\/location\/\"  target=\"_self\"><span><span>Next page<\/span><span>Location<\/span><span>Click to see<\/span><\/span><\/a><\/div>[\/vc_column][\/vc_row]<\/p>\n<\/div>","protected":false},"excerpt":{"rendered":"<p>[vc_row full_width=\u00bbstretch_row\u00bb content_placement=\u00bbmiddle\u00bb parallax=\u00bbcontent-moving\u00bb parallax_image=\u00bb2365&#8243; css=\u00bb.vc_custom_1707438305693{margin-top: 0px !important;margin-bottom: 0px !important;padding-top: 150px !important;padding-bottom: 150px !important;}\u00bb][vc_column][vc_custom_heading text=\u00bbCosas que hacer en los alrededores\u00bb font_container=\u00bbtag:h1|text_align:center|color:%23ffffff\u00bb google_fonts=\u00bbfont_family:Playfair%20Display%3Aregular%2Citalic%2C700%2C700italic%2C900%2C900italic|font_style:400%20regular%3A400%3Anormal\u00bb][vc_custom_heading text=\u00bbSan Carlos, Sonora\u00bb font_container=\u00bbtag:h4|text_align:center|color:%23c19b76&#8243; google_fonts=\u00bbfont_family:Playfair%20Display%3Aregular%2Citalic%2C700%2C700italic%2C900%2C900italic|font_style:400%20italic%3A400%3Aitalic\u00bb][\/vc_column][\/vc_row][vc_row css=\u00bb.vc_custom_1543003836186{margin-top: 0px !important;margin-bottom: [&hellip;]<\/p>\n","protected":false},"author":1,"featured_media":0,"parent":0,"menu_order":0,"comment_status":"closed","ping_status":"closed","template":"page-transparent-menu.php","meta":{"footnotes":""},"class_list":["post-2890","page","type-page","status-publish","hentry",null],"_links":{"self":[{"href":"https:\/\/playasancarlos.com\/es\/wp-json\/wp\/v2\/pages\/2890","targetHints":{"allow":["GET"]}}],"collection":[{"href":"https:\/\/playasancarlos.com\/es\/wp-json\/wp\/v2\/pages"}],"about":[{"href":"https:\/\/playasancarlos.com\/es\/wp-json\/wp\/v2\/types\/page"}],"author":[{"embeddable":true,"href":"https:\/\/playasancarlos.com\/es\/wp-json\/wp\/v2\/users\/1"}],"replies":[{"embeddable":true,"href":"https:\/\/playasancarlos.com\/es\/wp-json\/wp\/v2\/comments?post=2890"}],"version-history":[{"count":8,"href":"https:\/\/playasancarlos.com\/es\/wp-json\/wp\/v2\/pages\/2890\/revisions"}],"predecessor-version":[{"id":2899,"href":"https:\/\/playasancarlos.com\/es\/wp-json\/wp\/v2\/pages\/2890\/revisions\/2899"}],"wp:attachment":[{"href":"https:\/\/playasancarlos.com\/es\/wp-json\/wp\/v2\/media?parent=2890"}],"curies":[{"name":"wp","href":"https:\/\/api.w.org\/{rel}","templated":true}]}}