{"id":2869,"date":"2024-02-27T12:21:11","date_gmt":"2024-02-27T19:21:11","guid":{"rendered":"https:\/\/playasancarlos.com\/politicas-de-cancelacion\/"},"modified":"2024-03-07T11:10:53","modified_gmt":"2024-03-07T18:10:53","slug":"politicas-de-cancelacion","status":"publish","type":"page","link":"https:\/\/playasancarlos.com\/es\/politicas-de-cancelacion\/","title":{"rendered":"Pol\u00edticas de Cancelaci\u00f3n"},"content":{"rendered":"<div class=\"wpb-content-wrapper\"><p>[vc_row][vc_column][vc_column_text]<\/p>\n<h3>Pol\u00edtica de cancelaci\u00f3n<\/h3>\n<p>Se permite cancelar con devoluci\u00f3n del pago inicial (50% del costo total de la reserva) cuando hay 60 o m\u00e1s d\u00edas previos a su entrada, y el \u00fanico costo seria la retenci\u00f3n del dep\u00f3sito de seguridad que no ser\u00eda rembolsable.<\/p>\n<p>NO es rembolsable el pago inicial (50% del costo total de la reserve) cuando se cancela con menos de 60 d\u00edas previo a su entrada. Solo se reembolsa el dep\u00f3sito de seguridad.<\/p>\n<p>Agradecemos su entendimiento ya que una vez que se retiran las fechas como disponibles en el calendario quedan no disponibles para otros posibles hu\u00e9spedes. Con la aprobaci\u00f3n del administrado de propiedades y\/o el propietario, el cliente puede buscar alg\u00fan otro rentista o ceder la estancia a otra persona en esas mismas fechas en que estaba programas su estancia. No es responsabilidad ni del administrador de propiedades ni del propietario buscar un remplazo ni cambio de fechas.<\/p>\n<h3>Seguro de Cancelaci\u00f3n e Interrupci\u00f3n de Viajes<\/h3>\n<p>Bajo ninguna responsabilidad de nuestra parte, solo como una sugerencia, se sugiere al rentista adquirir un seguro de cancelaci\u00f3n de viajes donde por alg\u00fan inconveniente le pudieran rembolsar al rentista los costos totales o parciales por su cancelaci\u00f3n.[\/vc_column_text][\/vc_column][\/vc_row]<\/p>\n<\/div>","protected":false},"excerpt":{"rendered":"<p>[vc_row][vc_column][vc_column_text] Pol\u00edtica de cancelaci\u00f3n Se permite cancelar con devoluci\u00f3n del pago inicial (50% del costo total de la reserva) cuando hay 60 o m\u00e1s d\u00edas previos a su entrada, y [&hellip;]<\/p>\n","protected":false},"author":1,"featured_media":0,"parent":0,"menu_order":0,"comment_status":"closed","ping_status":"open","template":"","meta":{"footnotes":""},"class_list":["post-2869","page","type-page","status-publish","hentry",null],"_links":{"self":[{"href":"https:\/\/playasancarlos.com\/es\/wp-json\/wp\/v2\/pages\/2869","targetHints":{"allow":["GET"]}}],"collection":[{"href":"https:\/\/playasancarlos.com\/es\/wp-json\/wp\/v2\/pages"}],"about":[{"href":"https:\/\/playasancarlos.com\/es\/wp-json\/wp\/v2\/types\/page"}],"author":[{"embeddable":true,"href":"https:\/\/playasancarlos.com\/es\/wp-json\/wp\/v2\/users\/1"}],"replies":[{"embeddable":true,"href":"https:\/\/playasancarlos.com\/es\/wp-json\/wp\/v2\/comments?post=2869"}],"version-history":[{"count":6,"href":"https:\/\/playasancarlos.com\/es\/wp-json\/wp\/v2\/pages\/2869\/revisions"}],"predecessor-version":[{"id":2876,"href":"https:\/\/playasancarlos.com\/es\/wp-json\/wp\/v2\/pages\/2869\/revisions\/2876"}],"wp:attachment":[{"href":"https:\/\/playasancarlos.com\/es\/wp-json\/wp\/v2\/media?parent=2869"}],"curies":[{"name":"wp","href":"https:\/\/api.w.org\/{rel}","templated":true}]}}