{"id":2855,"date":"2024-01-31T00:06:30","date_gmt":"2024-01-31T07:06:30","guid":{"rendered":"https:\/\/playasancarlos.com\/politica-de-privacidad\/"},"modified":"2024-03-07T10:59:43","modified_gmt":"2024-03-07T17:59:43","slug":"aviso-de-privacidad","status":"publish","type":"page","link":"https:\/\/playasancarlos.com\/es\/aviso-de-privacidad\/","title":{"rendered":"Aviso de Privacidad"},"content":{"rendered":"<div class=\"wpb-content-wrapper\"><p>[vc_row][vc_column][vc_column_text]<\/p>\r\n<p>El presente documento constituye el Aviso de Privacidad para efectos de lo dispuesto en la Ley Federal de Protecci\u00f3n de Datos Personales en Posesi\u00f3n de los Particulares (la \u201cLFPDP\u201d) y las disposiciones que emanan de ella o se relacionan con la misma. Este Aviso de Privacidad (en lo sucesivo referido como \u201cAviso\u201d) aplica a la informaci\u00f3n personal recopilada sobre clientes de la p\u00e1gina www.playasancarlos.com por el administrador de propiedades (agente de bienes ra\u00edces) y\/o por el propietario de las propiedades en su car\u00e1cter de responsable.<\/p>\r\n<h3>\u00bfQu\u00e9 informaci\u00f3n recopilamos?<\/h3>\r\n<p>El Responsable recolecta informaci\u00f3n que puede identificarle de manera razonable, por ejemplo, a t\u00edtulo enunciativo mas no limitativo: su nombre y apellidos; fecha de nacimiento; domicilio; direcci\u00f3n de correo electr\u00f3nico; n\u00famero de tel\u00e9fono fijo y\/o celular; Credencial del IFE, Registro Federal de Contribuyentes (RFC); Pasaporte (en caso de extranjeros) n\u00famero de tarjetas y\/o cuentas.<\/p>\r\n<h3>\u00bfC\u00f3mo recopilamos la informaci\u00f3n?<\/h3>\r\n<p>La recolecci\u00f3n de datos personales podr\u00e1 efectuarse, por ejemplo:<\/p>\r\n<ul>\r\n<li>Mediante el uso de correos electr\u00f3nicos y en visitas f\u00edsicas en las propiedades de renta.<\/li>\r\n<li>Cuando se comunica v\u00eda telef\u00f3nica con nosotros.<\/li>\r\n<li>Mediante el suministro voluntario de informaci\u00f3n en en medio digitales o f\u00edsicos en actividades de promoci\u00f3n como expos o ferias.<\/li>\r\n<li>Mediante la recopilaci\u00f3n directa en la firma de los contratos de renta y\/o arrendamiento por el administrador de propiedades.<\/li>\r\n<li>Mediante fuentes de acceso p\u00fablico y de otras fuentes disponibles en el mercado.<\/li>\r\n<\/ul>\r\n<p>Toda la informaci\u00f3n que recolectamos sobre usted Se utiliza para mantener una base de datos de los inquilinos activos\/no activos de las propiedades de <strong>www.playasancarlos.com<\/strong> con el fin de cumplir con las leyes de KWC y brindar mejor servicio para su siguiente estancia con nosotros.<\/p>\r\n<h3>\u00bfC\u00f3mo usamos o compartimos la informaci\u00f3n que recopilamos?<\/h3>\r\n<p>Algunos ejemplos de las finalidades de la informaci\u00f3n que recopilamos son:<\/p>\r\n<ul>\r\n<li>Utilizamos la informaci\u00f3n que recopilamos para tener una base de datos actualizada de todos los distribuidores DABALASH con el fin de respetar clientes y territorio.<\/li>\r\n<li>Se utiliza con el fin de conocer los mercados, territorios y poblaci\u00f3n al que pertenecen nuestros clientes.<\/li>\r\n<li>Se utiliza como soporte en los acuerdos de Trabajo y\/o acuerdos de confidencialidad y no competencia.<\/li>\r\n<li>Los datos no son compartidos con otras empresas, solo se almacena en DABATOR y con los 4 centros de distribuci\u00f3n DABALASH.<\/li>\r\n<li>El almacenaje es localizado en la base de datos en www.playasancarlos.com con acceso limitado al Responsable y al propietario de las propiedades. La informaci\u00f3n no es compartida con ninguna otra entidad fuera de las mencionadas.<\/li>\r\n<\/ul>\r\n<h3>\u00bfC\u00f3mo contactar a nuestro Departamento de Datos Personales?<\/h3>\r\n<p>Para cualquier comunicaci\u00f3n acerca de nuestro Aviso de Privacidad, por favor cont\u00e1ctenos a trav\u00e9s de: <strong>carlos.moreno@playasancarlos.com<\/strong><\/p>\r\n<h3>\u00bfC\u00f3mo ejercer sus derechos ARCO?<\/h3>\r\n<p>Para la recepci\u00f3n, registro y atenci\u00f3n de las solicitudes para ejercer su derecho de acceso, rectificaci\u00f3n, cancelaci\u00f3n y oposici\u00f3n a sus Datos Personales, as\u00ed como para limitar el uso o divulgaci\u00f3n de sus datos, y los dem\u00e1s derechos previstos en la LFPDP contactar a:<strong> carlos.moreno@playasancarlos.com<\/strong><\/p>\r\n<h3>Cambios en el Aviso de privacidad<\/h3>\r\n<p>El Responsable y el propietario se reservan el derecho de actualizar peri\u00f3dicamente el presente Aviso para reflejar los cambios en nuestras pr\u00e1cticas de informaci\u00f3n. Es responsabilidad del Titular revisar peri\u00f3dicamente el contenido del Aviso para cambios pertinentes.<\/p>\r\n<p>[\/vc_column_text][\/vc_column][\/vc_row][vc_row][vc_column][vc_column_text]<\/p>\r\n<p>[\/vc_column_text][\/vc_column][\/vc_row]<\/p><!-- \/wp:post-content --><\/div>","protected":false},"excerpt":{"rendered":"<p>[vc_row][vc_column][vc_column_text] El presente documento constituye el Aviso de Privacidad para efectos de lo dispuesto en la Ley Federal de Protecci\u00f3n de Datos Personales en Posesi\u00f3n de los Particulares (la \u201cLFPDP\u201d) [&hellip;]<\/p>\n","protected":false},"author":1,"featured_media":0,"parent":0,"menu_order":0,"comment_status":"closed","ping_status":"open","template":"","meta":{"footnotes":""},"class_list":["post-2855","page","type-page","status-publish","hentry",null],"_links":{"self":[{"href":"https:\/\/playasancarlos.com\/es\/wp-json\/wp\/v2\/pages\/2855","targetHints":{"allow":["GET"]}}],"collection":[{"href":"https:\/\/playasancarlos.com\/es\/wp-json\/wp\/v2\/pages"}],"about":[{"href":"https:\/\/playasancarlos.com\/es\/wp-json\/wp\/v2\/types\/page"}],"author":[{"embeddable":true,"href":"https:\/\/playasancarlos.com\/es\/wp-json\/wp\/v2\/users\/1"}],"replies":[{"embeddable":true,"href":"https:\/\/playasancarlos.com\/es\/wp-json\/wp\/v2\/comments?post=2855"}],"version-history":[{"count":4,"href":"https:\/\/playasancarlos.com\/es\/wp-json\/wp\/v2\/pages\/2855\/revisions"}],"predecessor-version":[{"id":2859,"href":"https:\/\/playasancarlos.com\/es\/wp-json\/wp\/v2\/pages\/2855\/revisions\/2859"}],"wp:attachment":[{"href":"https:\/\/playasancarlos.com\/es\/wp-json\/wp\/v2\/media?parent=2855"}],"curies":[{"name":"wp","href":"https:\/\/api.w.org\/{rel}","templated":true}]}}