{"id":2171,"date":"2018-09-03T19:11:29","date_gmt":"2018-09-04T02:11:29","guid":{"rendered":"https:\/\/playasancarlos.com\/index.php\/ixdex01\/"},"modified":"2024-03-11T10:33:12","modified_gmt":"2024-03-11T17:33:12","slug":"ixdex01","status":"publish","type":"page","link":"https:\/\/playasancarlos.com\/es\/","title":{"rendered":"FP INICIO"},"content":{"rendered":"<div class=\"wpb-content-wrapper\"><p>[vc_row full_width=\u00bbstretch_row_content_no_spaces\u00bb full_height=\u00bbyes\u00bb hue=\u00bb#ff0000&#8243;][vc_column]<div id=\"top-banner-background-1\" class=\"shortcode-mode\"><div class=\"hero-background-slider\"><div style=\"background:url(https:\/\/playasancarlos.com\/wp-content\/uploads\/2024\/02\/fp_slider_02.jpg)\" data-title=\"Descubra la mejor joya escondida de M\u00e9xico\" data-subtitle=\"El hermoso San Carlos, Sonora, Mexico\" data-link=\"https:\/\/playasancarlos.com\/es\/nuestras-propiedades-en-renta\/\" data-linktitle=\"RESERVE AHORA\" data-fgcolor=\"#ffffff\"><div class=\"div_link\"><span  id=\"wofcb-2\" class=\"ozy-custom_button_w\"><a id=\"ofcb-2\" style=\"--data-bordercolor:#000000\" class=\"ozy-custom_button ocbtn-12\"  href=\"https:\/\/playasancarlos.com\/es\/nuestras-propiedades-en-renta\/\"  target=\"_self\" >RESERVE AHORA<\/a><\/span><\/div><\/div><\/div><div class=\"hero-background-slider\"><div style=\"background:url(https:\/\/playasancarlos.com\/wp-content\/uploads\/2024\/02\/fp_slider_01.jpg)\" data-title=\"Casas de vacaciones de lujo en alquiler\" data-subtitle=\"Experimente la escapada definitiva en San Carlos, Sonora, M\u00e9xico\" data-link=\"https:\/\/playasancarlos.com\/es\/nuestras-propiedades-en-renta\/\" data-linktitle=\"VER NUESTRAS PROPIEDADES EN RENTA\" data-fgcolor=\"#ffffff\"><div class=\"div_link\"><span  id=\"wofcb-3\" class=\"ozy-custom_button_w\"><a id=\"ofcb-3\" style=\"--data-bordercolor:#000000\" class=\"ozy-custom_button ocbtn-12\"  href=\"https:\/\/playasancarlos.com\/es\/nuestras-propiedades-en-renta\/\"  target=\"_self\" >VER NUESTRAS PROPIEDADES EN RENTA<\/a><\/span><\/div><\/div><\/div><div class=\"hero-background-slider\"><div style=\"background:url(https:\/\/playasancarlos.com\/wp-content\/uploads\/2024\/02\/fp_slider_03.jpg)\" data-title=\"Disfrute de una vida de lujo\" data-subtitle=\"Esc\u00e1pese al hermoso San Carlos, Sonora con nuestras exclusivas casas de renta\" data-link=\"https:\/\/playasancarlos.com\/es\/nuestras-propiedades-en-renta\/\" data-linktitle=\"NUESTRAS PROPIEDADES EN RENTA\" data-fgcolor=\"#ffffff\"><div class=\"div_link\"><span  id=\"wofcb-4\" class=\"ozy-custom_button_w\"><a id=\"ofcb-4\" style=\"--data-bordercolor:#000000\" class=\"ozy-custom_button ocbtn-12\"  href=\"https:\/\/playasancarlos.com\/es\/nuestras-propiedades-en-renta\/\"  target=\"_self\" >NUESTRAS PROPIEDADES EN RENTA<\/a><\/span><\/div><\/div><\/div><div class=\"reveal-slider-caption\"><\/div><\/div>[vc_row_inner disable_element=\u00bbyes\u00bb][vc_column_inner]<div id=\"availability_search-5\" style=\"--bg-color:#ffffff\" class=\"homepage-widget-area container  floating-box bottom\"><div class=\"mphb_sc_search-wrapper widget_mphb_search_availability_widget\"><form method=\"GET\" class=\"mphb_sc_search-form\" action=\"https:\/\/playasancarlos.com\/search-results\/\" data-first_available_check_in_date=\"2026-04-06\">\r\n\r\n\t<p class = \"mphb-required-fields-tip\">\n\t<small>\n\t\tLos campos obligatorios son seguidos por\t\t<abbr title=\"required\">*<\/abbr>\n\t<\/small>\n<\/p>\n\r\n\t<p class=\"mphb_sc_search-check-in-date\">\r\n\t\t<label for=\"mphb_check_in_date-mphb-search-form-69d436366592d\">\r\n\t\t\tCheck-in\t\t\t<abbr title=\"Formatted as dd\/mm\/yyyy\">*<\/abbr>\r\n\t\t<\/label>\r\n\t\t<input\r\n\t\t\tid=\"mphb_check_in_date-mphb-search-form-69d436366592d\"\r\n\t\t\tdata-datepick-group=\"mphb-search-form-69d436366592d\"\r\n\t\t\tvalue=\"06\/04\/2026\"\r\n\t\t\tplaceholder=\"Check-in Date\"\r\n\t\t\trequired=\"required\"\r\n\t\t\ttype=\"text\"\r\n\t\t\tname=\"mphb_check_in_date\"\r\n\t\t\tclass=\"mphb-datepick\"\r\n\t\t\tautocomplete=\"off\"\r\n\t\t\t\/>\r\n\t<\/p>\r\n\r\n\t<p class=\"mphb_sc_search-check-out-date\">\r\n\t\t<label for=\"mphb_check_out_date-mphb-search-form-69d436366592d\">\r\n\t\t\tCheck-out\t\t\t<abbr title=\"Formatted as dd\/mm\/yyyy\">*<\/abbr>\r\n\t\t<\/label>\r\n\t\t<input\r\n\t\t\tid=\"mphb_check_out_date-mphb-search-form-69d436366592d\"\r\n\t\t\tdata-datepick-group=\"mphb-search-form-69d436366592d\"\r\n\t\t\tvalue=\"07\/04\/2026\"\r\n\t\t\tplaceholder=\"Check-out Date\"\r\n\t\t\trequired=\"required\"\r\n\t\t\ttype=\"text\"\r\n\t\t\tname=\"mphb_check_out_date\"\r\n\t\t\tclass=\"mphb-datepick\"\r\n\t\t\tautocomplete=\"off\"\r\n\t\t\t\/>\r\n\t<\/p>\r\n\r\n\t\t\t<p class=\"mphb_sc_search-adults\">\r\n\t\t\t<label for=\"mphb_adults-mphb-search-form-69d436366592d\">\r\n\t\t\t\tGuests\t\t\t<\/label>\r\n\t\t\t<span><span>-<\/span><input type=\"number\" id=\"mphb_adults-mphb-search-form-69d436366592d\" name=\"mphb_adults\" value=\"1\" min=\"1\" max=\"14\"\/><span>+<\/span><\/span>\r\n\t\t<\/p>\r\n\t\r\n\t\t\t<input type=\"hidden\" id=\"mphb_children-mphb-search-form-69d436366592d\" name=\"mphb_children\" value=\"0\" \/>\r\n\t\r\n\t\r\n\t\r\n\t<input id=\"mphb_check_in_date-mphb-search-form-69d436366592d-hidden\" value=\"2026-04-06\" type=\"hidden\" name=\"mphb_check_in_date\" \/><input id=\"mphb_check_out_date-mphb-search-form-69d436366592d-hidden\" value=\"2026-04-07\" type=\"hidden\" name=\"mphb_check_out_date\" \/>\r\n\t<p class=\"mphb_sc_search-submit-button-wrapper\">\r\n\t\t<input type=\"submit\" class=\"button\" value=\"CHECK AVAILABILITY\"\/>\r\n\t<\/p>\r\n\r\n\t\r\n<\/form>\r\n<\/div><\/div>[\/vc_column_inner][\/vc_row_inner][\/vc_column][\/vc_row][vc_row content_placement=\u00bbmiddle\u00bb css=\u00bb.vc_custom_1542961430859{margin-top: 0px !important;margin-bottom: 0px !important;padding-top: 90px !important;padding-bottom: 60px !important;}\u00bb][vc_column width=\u00bb1\/2&#8243; zero_padding_on_mobile=\u00bbon\u00bb zero_margin_on_mobile=\u00bbon\u00bb][vc_column_text css=\u00bb.vc_custom_1709832504492{margin-bottom: 15px !important;}\u00bb]<\/p>\n<h2 style=\"text-align: left;\">Descubre el Para\u00edso Secreto de M\u00e9xico: \u00a1Tu Escapada de ensue\u00f1o te espera en <em>San Carlos, Sonora!<\/em><\/h2>\n<p>[\/vc_column_text][vc_column_text]Bienvenido a las cautivantes costas de San Carlos Sonora, donde la Aventura y el Relax te esperan. Explora la belleza \u00fanica de San Carlos y sus alrededores, desde las playas que parecen besadas por el sol, hasta la vibrante vida marina, mientras te hospedas entre el lujo y la comodidad con una tranquilidad indulgente. En una propiedad con vistas panor\u00e1micas al oc\u00e9ano, alberca privada, amenidades con estilo, acceso a playa privada q te brindaran experiencias inolvidables.<\/p>\n<p>Ven y d\u00e9jate seducir por un lugar nombrado el mejor atardecer del mundo en 2022 por National Geographic y anteriormente como el acuario del mundo por el Bi\u00f3logo Marino Jacqes Custeau, convirti\u00e9ndolo en una f\u00e1brica de memorias que atesoraras toda tu vida. Tu escapada de ensue\u00f1o Comienza Aqu\u00ed.<\/p>\n<p><img loading=\"lazy\" decoding=\"async\" class=\"alignnone wp-image-2782 size-medium\" src=\"https:\/\/playasancarlos.com\/wp-content\/uploads\/2024\/02\/firma-300x57.jpg\" alt=\"\" width=\"300\" height=\"57\" srcset=\"https:\/\/playasancarlos.com\/wp-content\/uploads\/2024\/02\/firma-300x57.jpg 300w, https:\/\/playasancarlos.com\/wp-content\/uploads\/2024\/02\/firma.jpg 591w\" sizes=\"auto, (max-width: 300px) 100vw, 300px\" \/><br \/>\nCARLOS MORENO &#8211; Administrador de Propiedades[\/vc_column_text][\/vc_column][vc_column width=\u00bb1\/2&#8243;][vc_single_image image=\u00bb2441&#8243; img_size=\u00bbfull\u00bb alignment=\u00bbright\u00bb parallax_ratio=\u00bb1.0&#8243;][\/vc_column][\/vc_row][vc_row full_width=\u00bbstretch_row_content_no_spaces\u00bb css=\u00bb.vc_custom_1542928222647{margin-top: 0px !important;margin-bottom: 0px !important;padding-top: 50px !important;padding-bottom: 40px !important;}\u00bb el_id=\u00bbrooms\u00bb][vc_column][vc_custom_heading text=\u00bbPLAYASANCARLOS.COM\u00bb font_container=\u00bbtag:p|text_align:center|color:%23c19b76&#8243; use_theme_fonts=\u00bbyes\u00bb][vc_custom_heading text=\u00bbNuestras Casas en Renta en San Carlos, Sonora\u00bb font_container=\u00bbtag:h2|text_align:center\u00bb use_theme_fonts=\u00bbyes\u00bb css=\u00bb.vc_custom_1709832718739{margin-bottom: 10px !important;}\u00bb]<div id=\"ovd-6\" class=\"ozy-vertical_divider wpb_content_element\"><span class=\"h6-size heading-font\"><\/span><\/div><div id=\"hero-post-slides-7\" class=\"hero-post-slides\">\t<div class=\"slides-cont\">\t\t<div class=\"slides wpb_content_element carousel\" data-flickity='{\"groupCells\": \"80%\", \"pageDots\": false, \"imagesLoaded\": true,  \"autoPlay\": false, \"pauseAutoPlayOnHover\": true, \"prevNextButtons\": true, \"cellAlign\": \"center\" }'><div class=\"slide carousel-cell\" style=\"background-image: url(data:image\/png;base64,R0lGODlhAQABAAD\/ACwAAAAAAQABAAACADs=);\" data-bgsrc=\"https:\/\/playasancarlos.com\/wp-content\/uploads\/2017\/05\/810_5683-1144x763.jpg\">\t<div class=\"number\">01<\/div>\t<div class=\"body\">\t\t<div class=\"location\">Casas en renta<\/div>\t\t<div class=\"headline heading-font-family\">Algodones #13<\/div>\t\t<a href=\"https:\/\/playasancarlos.com\/es\/accommodation\/algodones-13\/\" target=\"_self\"><span class=\"link ozy-button auto\">View More<\/span><\/a>\t<\/div><\/div><div class=\"slide carousel-cell\" style=\"background-image: url(data:image\/png;base64,R0lGODlhAQABAAD\/ACwAAAAAAQABAAACADs=);\" data-bgsrc=\"https:\/\/playasancarlos.com\/wp-content\/uploads\/2017\/05\/810_5630_copia-1144x764.jpg\">\t<div class=\"number\">02<\/div>\t<div class=\"body\">\t\t<div class=\"location\">Casas en renta<\/div>\t\t<div class=\"headline heading-font-family\">Marina Real #124<\/div>\t\t<a href=\"https:\/\/playasancarlos.com\/es\/accommodation\/marina-real-124\/\" target=\"_self\"><span class=\"link ozy-button auto\">View More<\/span><\/a>\t<\/div><\/div><div class=\"slide carousel-cell\" style=\"background-image: url(data:image\/png;base64,R0lGODlhAQABAAD\/ACwAAAAAAQABAAACADs=);\" data-bgsrc=\"https:\/\/playasancarlos.com\/wp-content\/uploads\/2026\/01\/Bahia-Esmeralda-21-01-1144x763.jpg\">\t<div class=\"number\">03<\/div>\t<div class=\"body\">\t\t<div class=\"location\">Casas en renta<\/div>\t\t<div class=\"headline heading-font-family\">Bah\u00eda Esmeralda #21<\/div>\t\t<a href=\"https:\/\/playasancarlos.com\/es\/accommodation\/bahia-esmeralda-21\/\" target=\"_self\"><span class=\"link ozy-button auto\">View More<\/span><\/a>\t<\/div><\/div>\t\t<\/div>\t<\/div><\/div>[\/vc_column][\/vc_row][vc_row full_width=\u00bbstretch_row\u00bb css=\u00bb.vc_custom_1537989181048{margin-top: 0px !important;margin-bottom: 0px !important;padding-top: 80px !important;padding-bottom: 115px !important;background-color: #f7f7f7 !important;}\u00bb][vc_column][vc_row_inner content_placement=\u00bbmiddle\u00bb css=\u00bb.vc_custom_1537988042258{margin-top: 0px !important;margin-right: 0px !important;margin-bottom: 0px !important;margin-left: 0px !important;padding-top: 0px !important;padding-right: 0px !important;padding-bottom: 0px !important;padding-left: 0px !important;background-color: #ffffff !important;}\u00bb][vc_column_inner width=\u00bb1\/2&#8243; css=\u00bb.vc_custom_1537989443441{padding-top: 40px !important;padding-right: 15% !important;padding-bottom: 40px !important;padding-left: 15% !important;}\u00bb][vc_custom_heading text=\u00bbSan Carlos, Sonora\u00bb font_container=\u00bbtag:h2|text_align:center|color:%23000000&#8243; use_theme_fonts=\u00bbyes\u00bb css=\u00bb.vc_custom_1707768426466{margin-bottom: 15px !important;}\u00bb][vc_column_text]Sum\u00e9rgete en la impresionante belleza de San Carlos, un para\u00edso costero ubicado a lo largo de las pr\u00edstinas costas del Mar de Cort\u00e9s. Con sus aguas azules, arenas doradas y paisajes des\u00e9rticos escarpados, San Carlos ofrece una experiencia verdaderamente encantadora para los viajeros que buscan aventura y relajaci\u00f3n. Explora calas escondidas, practica emocionantes deportes acu\u00e1ticos o simplemente disfruta del c\u00e1lido sol mientras disfrutas de la incomparable belleza natural que te rodea. Desde la vibrante vida marina hasta impresionantes puestas de sol que pintan el cielo en tonos rosados y dorados, cada momento en San Carlos es una obra maestra esperando ser descubierta. Ven, esc\u00e1pate a este para\u00edso id\u00edlico y deja que las maravillas de San Carlos te dejen hechizado.[\/vc_column_text]<span  id=\"wofcb-8\" class=\"ozy-custom_button_w\"><a id=\"ofcb-8\" style=\"--data-bordercolor:#c19b76\" class=\"ozy-custom_button ocbtn-1\"  href=\"https:\/\/playasancarlos.com\/es\/nuestras-propiedades-en-renta\/\"  target=\"_self\" >EXPLORA NUESTRAS CASAS EN RENTA EN SAN CARLOS<\/a><\/span>[\/vc_column_inner][vc_column_inner width=\u00bb1\/2&#8243; css=\u00bb.vc_custom_1537987996656{margin-top: 0px !important;margin-right: 0px !important;margin-bottom: 0px !important;margin-left: 0px !important;padding-top: 0px !important;padding-right: 0px !important;padding-bottom: 0px !important;padding-left: 0px !important;}\u00bb][vc_single_image image=\u00bb2454&#8243; img_size=\u00bbfull\u00bb alignment=\u00bbcenter\u00bb css_animation=\u00bbfadeIn\u00bb parallax_ratio=\u00bb1&#8243; css=\u00bb.vc_custom_1707768540822{margin-top: 0px !important;margin-right: 0px !important;margin-bottom: 0px !important;margin-left: 0px !important;padding-top: 0px !important;padding-right: 0px !important;padding-bottom: 0px !important;padding-left: 0px !important;}\u00bb][\/vc_column_inner][\/vc_row_inner][vc_row_inner content_placement=\u00bbmiddle\u00bb css=\u00bb.vc_custom_1537988042258{margin-top: 0px !important;margin-right: 0px !important;margin-bottom: 0px !important;margin-left: 0px !important;padding-top: 0px !important;padding-right: 0px !important;padding-bottom: 0px !important;padding-left: 0px !important;background-color: #ffffff !important;}\u00bb][vc_column_inner width=\u00bb1\/2&#8243; css=\u00bb.vc_custom_1537988850850{margin-top: 0px !important;margin-right: 0px !important;margin-bottom: 0px !important;margin-left: 0px !important;padding-top: 0px !important;padding-right: 0px !important;padding-bottom: 0px !important;padding-left: 0px !important;}\u00bb][vc_single_image image=\u00bb2497&#8243; img_size=\u00bbfull\u00bb alignment=\u00bbcenter\u00bb css_animation=\u00bbfadeIn\u00bb parallax_ratio=\u00bb1&#8243; css=\u00bb.vc_custom_1707782185536{margin-top: 0px !important;margin-right: 0px !important;margin-bottom: 0px !important;margin-left: 0px !important;padding-top: 0px !important;padding-right: 0px !important;padding-bottom: 0px !important;padding-left: 0px !important;}\u00bb][\/vc_column_inner][vc_column_inner width=\u00bb1\/2&#8243; css=\u00bb.vc_custom_1537989436882{padding-top: 40px !important;padding-right: 15% !important;padding-bottom: 40px !important;padding-left: 15% !important;}\u00bb][vc_custom_heading text=\u00bbExplore San Carlos, Sonora\u00bb font_container=\u00bbtag:h2|text_align:center|color:%23000000&#8243; use_theme_fonts=\u00bbyes\u00bb css=\u00bb.vc_custom_1708637460108{margin-bottom: 15px !important;}\u00bb][vc_column_text]Descubra el encanto de San Carlos, un destino cautivador reconocido por su encanto y tranquilidad. Ya sea que est\u00e9 buscando emocionantes aventuras al aire libre o serenos momentos de relajaci\u00f3n, San Carlos ofrece una variedad de experiencias para deleitar a cada viajero.<\/p>\n<p>Desde pesca y buceo de clase mundial hasta tranquilos paseos por la playa y caminatas panor\u00e1micas, hay algo para que todos disfruten en este para\u00edso costero. Del\u00e9itese con la cocina de mariscos frescos, socialice con lugare\u00f1os amigables y sum\u00e9rjase en el ambiente relajado que define el esp\u00edritu de San Carlos. Con su c\u00e1lida hospitalidad y paisajes impresionantes, San Carlos lo invita a crear recuerdos inolvidables y abrazar la verdadera esencia de la vida costera mexicana.[\/vc_column_text]<span  id=\"wofcb-9\" class=\"ozy-custom_button_w\"><a id=\"ofcb-9\" style=\"--data-bordercolor:#c19b76\" class=\"ozy-custom_button ocbtn-1\"  href=\"https:\/\/playasancarlos.com\/es\/nuestras-propiedades-en-renta\/\"  target=\"_self\" >EXPLORA NUESTRAS CASAS EN RENTA EN SAN CARLOS<\/a><\/span>[\/vc_column_inner][\/vc_row_inner][\/vc_column][\/vc_row][vc_row][vc_column][vc_custom_heading text=\u00bbTestimonios\u00bb][vc_column_text]<div class=\"stars-testimonials premio-testimonials-grid\" id=\"st-1453294667\"><div class=\"premio-testimonials-content grid\"><div class=\"pre-testimonials-content col-1-3\"><div class=\"figure style3 has-image\">\r\n  <div class=\"blockquote st-testimonial-content st-testimonial-bg\">\r\n\t<p>Me encanto la casa, espectacular vista el servicio excelente.<\/p>\n  \t<div class=\"star-arrow\"><\/div>\r\n  <\/div>\r\n  <img loading=\"lazy\" decoding=\"async\" width=\"150\" height=\"150\" src=\"https:\/\/playasancarlos.com\/wp-content\/uploads\/2024\/02\/ttd_delfinario-150x150.jpg\" class=\"attachment-thumbnail size-thumbnail wp-post-image\" alt=\"\" \/>  <div class=\"star-author\">\r\n\t  \t  <div class=\"starrating st-rating\" title=\"Rated 5.0 out of 5.0\">\r\n\t  \t<i class=\"pst-star\"><\/i><i class=\"pst-star\"><\/i><i class=\"pst-star\"><\/i><i class=\"pst-star\"><\/i><i class=\"pst-star\"><\/i>\t  <\/div>  \r\n    <h5 class=\"st-testimonial-title\">Manolo Amavizca <span class=\"st-testimonial-company\">- <\/span><\/h5>\r\n  <\/div>\r\n<\/div><\/div><\/div><\/div><style>#st-1453294667 .st-rating { color:  #ffd851; }#st-1453294667 .st-testimonial-content { color:  #333333; }#st-1453294667 .st-testimonial-content p { color:  #333333; }#st-1453294667 .st-testimonial-bg { background-color: #fafafa; }#st-1453294667 .style7 { border-bottom-color: #fafafa; }#st-1453294667 .style7::before { background-color: #fafafa; }#st-1453294667 .st-style17 .st-testimonial-bg::before { border-color: transparent transparent transparent #fafafa; }#st-1453294667 .st-testimonial-title { color: #333333; }#st-1453294667 .st-testimonial-company { color: #333333; }<\/style>[\/vc_column_text][\/vc_column][\/vc_row]<\/p>\n<\/div>","protected":false},"excerpt":{"rendered":"<p>[vc_row full_width=\u00bbstretch_row_content_no_spaces\u00bb full_height=\u00bbyes\u00bb hue=\u00bb#ff0000&#8243;][vc_column][vc_row_inner disable_element=\u00bbyes\u00bb][vc_column_inner][\/vc_column_inner][\/vc_row_inner][\/vc_column][\/vc_row][vc_row content_placement=\u00bbmiddle\u00bb css=\u00bb.vc_custom_1542961430859{margin-top: 0px !important;margin-bottom: 0px !important;padding-top: 90px !important;padding-bottom: 60px !important;}\u00bb][vc_column width=\u00bb1\/2&#8243; zero_padding_on_mobile=\u00bbon\u00bb zero_margin_on_mobile=\u00bbon\u00bb][vc_column_text css=\u00bb.vc_custom_1709832504492{margin-bottom: 15px !important;}\u00bb] Descubre el Para\u00edso Secreto de M\u00e9xico: \u00a1Tu Escapada de [&hellip;]<\/p>\n","protected":false},"author":1,"featured_media":0,"parent":0,"menu_order":0,"comment_status":"closed","ping_status":"closed","template":"page-transparent-menu.php","meta":{"footnotes":""},"class_list":["post-2171","page","type-page","status-publish","hentry","has_thumb",null],"_links":{"self":[{"href":"https:\/\/playasancarlos.com\/es\/wp-json\/wp\/v2\/pages\/2171","targetHints":{"allow":["GET"]}}],"collection":[{"href":"https:\/\/playasancarlos.com\/es\/wp-json\/wp\/v2\/pages"}],"about":[{"href":"https:\/\/playasancarlos.com\/es\/wp-json\/wp\/v2\/types\/page"}],"author":[{"embeddable":true,"href":"https:\/\/playasancarlos.com\/es\/wp-json\/wp\/v2\/users\/1"}],"replies":[{"embeddable":true,"href":"https:\/\/playasancarlos.com\/es\/wp-json\/wp\/v2\/comments?post=2171"}],"version-history":[{"count":92,"href":"https:\/\/playasancarlos.com\/es\/wp-json\/wp\/v2\/pages\/2171\/revisions"}],"predecessor-version":[{"id":2940,"href":"https:\/\/playasancarlos.com\/es\/wp-json\/wp\/v2\/pages\/2171\/revisions\/2940"}],"wp:attachment":[{"href":"https:\/\/playasancarlos.com\/es\/wp-json\/wp\/v2\/media?parent=2171"}],"curies":[{"name":"wp","href":"https:\/\/api.w.org\/{rel}","templated":true}]}}